{"id":82,"date":"2023-02-03T20:55:10","date_gmt":"2021-02-03T17:55:10","guid":{"rendered":"https:\/\/safirdemo.com\/atolye\/hakkimizda\/"},"modified":"2024-04-02T14:17:51","modified_gmt":"2024-04-02T11:17:51","slug":"hakkimizda","status":"publish","type":"page","link":"http:\/\/www.myswissolar.com\/?page_id=82","title":{"rendered":"Hakk\u0131m\u0131zda"},"content":{"rendered":"\n<figure class=\"wp-block-image size-full is-resized\"><img loading=\"lazy\" decoding=\"async\" width=\"485\" height=\"422\" src=\"http:\/\/www.myswissolar.com\/wp-content\/uploads\/2024\/04\/Sirket-Logo.png\" alt=\"\" class=\"wp-image-614\" style=\"width:162px;height:auto\" srcset=\"http:\/\/www.myswissolar.com\/wp-content\/uploads\/2024\/04\/Sirket-Logo.png 485w, http:\/\/www.myswissolar.com\/wp-content\/uploads\/2024\/04\/Sirket-Logo-300x261.png 300w\" sizes=\"auto, (max-width: 485px) 100vw, 485px\" \/><\/figure>\n\n\n\n<p>2023 y\u0131l\u0131nda \u0130svi\u00e7re&#8217; de kurulan, faaliyetinin lokomotifi Daima Yenilenebilir Enerji olan \u015firketimizin, T\u00fcrkiye Merkezi olarak yine ayn\u0131 y\u0131l\u0131n A\u011fustos ay\u0131nda Elaz\u0131\u011f Merkezli olarak kurulduk.<\/p>\n\n\n\n<p>D\u00fcnyada ve \u00dclkemizde artan enerji ihtiyac\u0131n\u0131n temini i\u00e7in temiz enerji \u00e7\u00f6z\u00fcmleri sunarak \u00e7evresel kirlili\u011fi, do\u011fan\u0131n bize sundu\u011fu g\u00fc\u00e7lerle en aza indirmek, s\u00fcrd\u00fcr\u00fclebilir bir gelecek i\u00e7in karbon ayak izini G\u00fcne\u015f, R\u00fczgar gibi temiz kaynaklarla, t\u00fcm sekt\u00f6rlerde d\u00f6n\u00fc\u015f\u00fcm\u00fc te\u015fvik etmekte kararl\u0131y\u0131z. <\/p>\n\n\n\n<p>Toplumumuz ve d\u00fcnyam\u0131z i\u00e7in olumlu bir etki yaratmay\u0131 taahh\u00fct ediyor ve bu do\u011frultuda hareket ediyoruz. Gelecek nesillere ya\u015fanabilir bir d\u00fcnya b\u0131rakma sorumlulu\u011fumuzun bilincindeyiz ve bu ama\u00e7la daima yenilenebilir enerji i\u00e7in \u00e7al\u0131\u015fmalar\u0131m\u0131z\u0131 s\u00fcrd\u00fcr\u00fcyoruz.<\/p>\n\n\n\n<p>Sayg\u0131lar\u0131m\u0131zla&#8230;<\/p>\n\n\n\n<p><\/p>\n","protected":false},"excerpt":{"rendered":"<p>2023 y\u0131l\u0131nda \u0130svi\u00e7re&#8217; de kurulan, faaliyetinin lokomotifi Daima Yenilenebilir Enerji olan \u015firketimizin, T\u00fcrkiye Merkezi olarak yine ayn\u0131 y\u0131l\u0131n A\u011fustos ay\u0131nda Elaz\u0131\u011f Merkezli olarak kurulduk. D\u00fcnyada ve \u00dclkemizde artan enerji ihtiyac\u0131n\u0131n temini i\u00e7in temiz enerji \u00e7\u00f6z\u00fcmleri sunarak \u00e7evresel kirlili\u011fi, do\u011fan\u0131n bize sundu\u011fu g\u00fc\u00e7lerle en aza indirmek, s\u00fcrd\u00fcr\u00fclebilir bir gelecek i\u00e7in karbon ayak izini G\u00fcne\u015f, R\u00fczgar gibi [&hellip;]<\/p>\n","protected":false},"author":1,"featured_media":0,"parent":0,"menu_order":0,"comment_status":"closed","ping_status":"closed","template":"","meta":{"footnotes":""},"class_list":["post-82","page","type-page","status-publish","hentry"],"_links":{"self":[{"href":"http:\/\/www.myswissolar.com\/index.php?rest_route=\/wp\/v2\/pages\/82","targetHints":{"allow":["GET"]}}],"collection":[{"href":"http:\/\/www.myswissolar.com\/index.php?rest_route=\/wp\/v2\/pages"}],"about":[{"href":"http:\/\/www.myswissolar.com\/index.php?rest_route=\/wp\/v2\/types\/page"}],"author":[{"embeddable":true,"href":"http:\/\/www.myswissolar.com\/index.php?rest_route=\/wp\/v2\/users\/1"}],"replies":[{"embeddable":true,"href":"http:\/\/www.myswissolar.com\/index.php?rest_route=%2Fwp%2Fv2%2Fcomments&post=82"}],"version-history":[{"count":16,"href":"http:\/\/www.myswissolar.com\/index.php?rest_route=\/wp\/v2\/pages\/82\/revisions"}],"predecessor-version":[{"id":626,"href":"http:\/\/www.myswissolar.com\/index.php?rest_route=\/wp\/v2\/pages\/82\/revisions\/626"}],"wp:attachment":[{"href":"http:\/\/www.myswissolar.com\/index.php?rest_route=%2Fwp%2Fv2%2Fmedia&parent=82"}],"curies":[{"name":"wp","href":"https:\/\/api.w.org\/{rel}","templated":true}]}}