{"id":68,"date":"2023-02-03T20:11:05","date_gmt":"2021-02-03T17:11:05","guid":{"rendered":"https:\/\/safirdemo.com\/atolye\/foto-galeri\/"},"modified":"2024-04-03T21:57:30","modified_gmt":"2024-04-03T18:57:30","slug":"foto-galeri","status":"publish","type":"page","link":"http:\/\/www.myswissolar.com\/?page_id=68","title":{"rendered":"Foto Galeri (Projelerimizden)"},"content":{"rendered":"\n<p>Bu sayfada temadaki dahili Lightbox \u00f6zelli\u011fi ile eklenen bir galeri g\u00f6rmektesiniz. Lightbox \u00f6zelli\u011fini tema ayarlar\u0131ndan pasif edip kendi Lighbox eklentinizi de kullanabilirsiniz. Ayn\u0131 galerinin yeni sayfada a\u00e7\u0131lan haline <a href=\"http:\/\/www.myswissolar.com\/foto-galeri-sayfali\/\" data-type=\"page\" data-id=\"54\">buradan<\/a> ula\u015fabilirsiniz.<\/p>\n\n\n\n<figure class=\"wp-block-gallery has-nested-images columns-default is-cropped wp-block-gallery-1 is-layout-flex wp-block-gallery-is-layout-flex\">\n<figure class=\"wp-block-image size-large\"><a href=\"http:\/\/www.myswissolar.com\/wp-content\/uploads\/2024\/04\/MYSWISSOLAR-12.jpg\"><img loading=\"lazy\" decoding=\"async\" width=\"768\" height=\"1024\" data-id=\"650\" src=\"http:\/\/www.myswissolar.com\/wp-content\/uploads\/2024\/04\/MYSWISSOLAR-12-768x1024.jpg\" alt=\"\" class=\"wp-image-650\" srcset=\"http:\/\/www.myswissolar.com\/wp-content\/uploads\/2024\/04\/MYSWISSOLAR-12-768x1024.jpg 768w, http:\/\/www.myswissolar.com\/wp-content\/uploads\/2024\/04\/MYSWISSOLAR-12-225x300.jpg 225w, http:\/\/www.myswissolar.com\/wp-content\/uploads\/2024\/04\/MYSWISSOLAR-12-1152x1536.jpg 1152w, http:\/\/www.myswissolar.com\/wp-content\/uploads\/2024\/04\/MYSWISSOLAR-12.jpg 1536w\" sizes=\"auto, (max-width: 768px) 100vw, 768px\" \/><\/a><\/figure>\n\n\n\n<figure class=\"wp-block-image size-large\"><a href=\"http:\/\/www.myswissolar.com\/wp-content\/uploads\/2024\/04\/MYSWISSOLAR-10.jpg\"><img loading=\"lazy\" decoding=\"async\" width=\"1024\" height=\"768\" data-id=\"649\" src=\"http:\/\/www.myswissolar.com\/wp-content\/uploads\/2024\/04\/MYSWISSOLAR-10-1024x768.jpg\" alt=\"\" class=\"wp-image-649\" srcset=\"http:\/\/www.myswissolar.com\/wp-content\/uploads\/2024\/04\/MYSWISSOLAR-10-1024x768.jpg 1024w, http:\/\/www.myswissolar.com\/wp-content\/uploads\/2024\/04\/MYSWISSOLAR-10-300x225.jpg 300w, http:\/\/www.myswissolar.com\/wp-content\/uploads\/2024\/04\/MYSWISSOLAR-10-768x576.jpg 768w, http:\/\/www.myswissolar.com\/wp-content\/uploads\/2024\/04\/MYSWISSOLAR-10-1536x1152.jpg 1536w, http:\/\/www.myswissolar.com\/wp-content\/uploads\/2024\/04\/MYSWISSOLAR-10.jpg 2048w\" sizes=\"auto, (max-width: 1024px) 100vw, 1024px\" \/><\/a><\/figure>\n\n\n\n<figure class=\"wp-block-image size-large\"><a href=\"http:\/\/www.myswissolar.com\/wp-content\/uploads\/2024\/04\/MYSWISSOLAR-14.jpg\"><img loading=\"lazy\" decoding=\"async\" width=\"1024\" height=\"768\" data-id=\"652\" src=\"http:\/\/www.myswissolar.com\/wp-content\/uploads\/2024\/04\/MYSWISSOLAR-14-1024x768.jpg\" alt=\"\" class=\"wp-image-652\" srcset=\"http:\/\/www.myswissolar.com\/wp-content\/uploads\/2024\/04\/MYSWISSOLAR-14-1024x768.jpg 1024w, http:\/\/www.myswissolar.com\/wp-content\/uploads\/2024\/04\/MYSWISSOLAR-14-300x225.jpg 300w, http:\/\/www.myswissolar.com\/wp-content\/uploads\/2024\/04\/MYSWISSOLAR-14-768x576.jpg 768w, http:\/\/www.myswissolar.com\/wp-content\/uploads\/2024\/04\/MYSWISSOLAR-14-1536x1152.jpg 1536w, http:\/\/www.myswissolar.com\/wp-content\/uploads\/2024\/04\/MYSWISSOLAR-14.jpg 2048w\" sizes=\"auto, (max-width: 1024px) 100vw, 1024px\" \/><\/a><\/figure>\n\n\n\n<figure class=\"wp-block-image size-large\"><a href=\"http:\/\/www.myswissolar.com\/wp-content\/uploads\/2024\/04\/MYSWISSOLAR-8.jpg\"><img loading=\"lazy\" decoding=\"async\" width=\"1024\" height=\"768\" data-id=\"647\" src=\"http:\/\/www.myswissolar.com\/wp-content\/uploads\/2024\/04\/MYSWISSOLAR-8-1024x768.jpg\" alt=\"\" class=\"wp-image-647\" srcset=\"http:\/\/www.myswissolar.com\/wp-content\/uploads\/2024\/04\/MYSWISSOLAR-8-1024x768.jpg 1024w, http:\/\/www.myswissolar.com\/wp-content\/uploads\/2024\/04\/MYSWISSOLAR-8-300x225.jpg 300w, http:\/\/www.myswissolar.com\/wp-content\/uploads\/2024\/04\/MYSWISSOLAR-8-768x576.jpg 768w, http:\/\/www.myswissolar.com\/wp-content\/uploads\/2024\/04\/MYSWISSOLAR-8-1536x1152.jpg 1536w, http:\/\/www.myswissolar.com\/wp-content\/uploads\/2024\/04\/MYSWISSOLAR-8.jpg 2048w\" sizes=\"auto, (max-width: 1024px) 100vw, 1024px\" \/><\/a><\/figure>\n\n\n\n<figure class=\"wp-block-image size-large\"><a href=\"http:\/\/www.myswissolar.com\/wp-content\/uploads\/2024\/04\/MYSWISSOLAR-9.jpg\"><img loading=\"lazy\" decoding=\"async\" width=\"768\" height=\"1024\" data-id=\"648\" src=\"http:\/\/www.myswissolar.com\/wp-content\/uploads\/2024\/04\/MYSWISSOLAR-9-768x1024.jpg\" alt=\"\" class=\"wp-image-648\" srcset=\"http:\/\/www.myswissolar.com\/wp-content\/uploads\/2024\/04\/MYSWISSOLAR-9-768x1024.jpg 768w, http:\/\/www.myswissolar.com\/wp-content\/uploads\/2024\/04\/MYSWISSOLAR-9-225x300.jpg 225w, http:\/\/www.myswissolar.com\/wp-content\/uploads\/2024\/04\/MYSWISSOLAR-9-1152x1536.jpg 1152w, http:\/\/www.myswissolar.com\/wp-content\/uploads\/2024\/04\/MYSWISSOLAR-9.jpg 1536w\" sizes=\"auto, (max-width: 768px) 100vw, 768px\" \/><\/a><\/figure>\n\n\n\n<figure class=\"wp-block-image size-large\"><a href=\"http:\/\/www.myswissolar.com\/wp-content\/uploads\/2024\/04\/MYSWISSOLAR-4.jpg\"><img loading=\"lazy\" decoding=\"async\" width=\"1024\" height=\"761\" data-id=\"638\" src=\"http:\/\/www.myswissolar.com\/wp-content\/uploads\/2024\/04\/MYSWISSOLAR-4-1024x761.jpg\" alt=\"\" class=\"wp-image-638\" srcset=\"http:\/\/www.myswissolar.com\/wp-content\/uploads\/2024\/04\/MYSWISSOLAR-4-1024x761.jpg 1024w, http:\/\/www.myswissolar.com\/wp-content\/uploads\/2024\/04\/MYSWISSOLAR-4-300x223.jpg 300w, http:\/\/www.myswissolar.com\/wp-content\/uploads\/2024\/04\/MYSWISSOLAR-4-768x571.jpg 768w, http:\/\/www.myswissolar.com\/wp-content\/uploads\/2024\/04\/MYSWISSOLAR-4.jpg 1271w\" sizes=\"auto, (max-width: 1024px) 100vw, 1024px\" \/><\/a><\/figure>\n\n\n\n<figure class=\"wp-block-image size-large\"><a href=\"http:\/\/www.myswissolar.com\/wp-content\/uploads\/2024\/04\/MYSWISSOLAR-2.jpg\"><img loading=\"lazy\" decoding=\"async\" width=\"1024\" height=\"1010\" data-id=\"640\" src=\"http:\/\/www.myswissolar.com\/wp-content\/uploads\/2024\/04\/MYSWISSOLAR-2-1024x1010.jpg\" alt=\"\" class=\"wp-image-640\" srcset=\"http:\/\/www.myswissolar.com\/wp-content\/uploads\/2024\/04\/MYSWISSOLAR-2-1024x1010.jpg 1024w, http:\/\/www.myswissolar.com\/wp-content\/uploads\/2024\/04\/MYSWISSOLAR-2-300x296.jpg 300w, http:\/\/www.myswissolar.com\/wp-content\/uploads\/2024\/04\/MYSWISSOLAR-2-768x758.jpg 768w, http:\/\/www.myswissolar.com\/wp-content\/uploads\/2024\/04\/MYSWISSOLAR-2.jpg 1284w\" sizes=\"auto, (max-width: 1024px) 100vw, 1024px\" \/><\/a><\/figure>\n\n\n\n<figure class=\"wp-block-image size-large\"><a href=\"http:\/\/www.myswissolar.com\/wp-content\/uploads\/2024\/04\/MYSWISSOLAR-22.jpg\"><img loading=\"lazy\" decoding=\"async\" width=\"1024\" height=\"768\" data-id=\"654\" src=\"http:\/\/www.myswissolar.com\/wp-content\/uploads\/2024\/04\/MYSWISSOLAR-22-1024x768.jpg\" alt=\"\" class=\"wp-image-654\" srcset=\"http:\/\/www.myswissolar.com\/wp-content\/uploads\/2024\/04\/MYSWISSOLAR-22-1024x768.jpg 1024w, http:\/\/www.myswissolar.com\/wp-content\/uploads\/2024\/04\/MYSWISSOLAR-22-300x225.jpg 300w, http:\/\/www.myswissolar.com\/wp-content\/uploads\/2024\/04\/MYSWISSOLAR-22-768x576.jpg 768w, http:\/\/www.myswissolar.com\/wp-content\/uploads\/2024\/04\/MYSWISSOLAR-22-1536x1152.jpg 1536w, http:\/\/www.myswissolar.com\/wp-content\/uploads\/2024\/04\/MYSWISSOLAR-22.jpg 2048w\" sizes=\"auto, (max-width: 1024px) 100vw, 1024px\" \/><\/a><\/figure>\n\n\n\n<figure class=\"wp-block-image size-large\"><a href=\"http:\/\/www.myswissolar.com\/wp-content\/uploads\/2024\/04\/MYSWISSOLAR-20.jpg\"><img loading=\"lazy\" decoding=\"async\" width=\"1024\" height=\"768\" data-id=\"653\" src=\"http:\/\/www.myswissolar.com\/wp-content\/uploads\/2024\/04\/MYSWISSOLAR-20-1024x768.jpg\" alt=\"\" class=\"wp-image-653\" srcset=\"http:\/\/www.myswissolar.com\/wp-content\/uploads\/2024\/04\/MYSWISSOLAR-20-1024x768.jpg 1024w, http:\/\/www.myswissolar.com\/wp-content\/uploads\/2024\/04\/MYSWISSOLAR-20-300x225.jpg 300w, http:\/\/www.myswissolar.com\/wp-content\/uploads\/2024\/04\/MYSWISSOLAR-20-768x576.jpg 768w, http:\/\/www.myswissolar.com\/wp-content\/uploads\/2024\/04\/MYSWISSOLAR-20-1536x1152.jpg 1536w, http:\/\/www.myswissolar.com\/wp-content\/uploads\/2024\/04\/MYSWISSOLAR-20.jpg 2048w\" sizes=\"auto, (max-width: 1024px) 100vw, 1024px\" \/><\/a><\/figure>\n\n\n\n<figure class=\"wp-block-image size-large\"><a href=\"http:\/\/www.myswissolar.com\/wp-content\/uploads\/2024\/04\/MYSWISSOLAR-3.jpg\"><img loading=\"lazy\" decoding=\"async\" width=\"1024\" height=\"1009\" data-id=\"642\" src=\"http:\/\/www.myswissolar.com\/wp-content\/uploads\/2024\/04\/MYSWISSOLAR-3-1024x1009.jpg\" alt=\"\" class=\"wp-image-642\" srcset=\"http:\/\/www.myswissolar.com\/wp-content\/uploads\/2024\/04\/MYSWISSOLAR-3-1024x1009.jpg 1024w, http:\/\/www.myswissolar.com\/wp-content\/uploads\/2024\/04\/MYSWISSOLAR-3-300x296.jpg 300w, http:\/\/www.myswissolar.com\/wp-content\/uploads\/2024\/04\/MYSWISSOLAR-3-768x757.jpg 768w, http:\/\/www.myswissolar.com\/wp-content\/uploads\/2024\/04\/MYSWISSOLAR-3.jpg 1284w\" sizes=\"auto, (max-width: 1024px) 100vw, 1024px\" \/><\/a><\/figure>\n<\/figure>\n","protected":false},"excerpt":{"rendered":"<p>Bu sayfada temadaki dahili Lightbox \u00f6zelli\u011fi ile eklenen bir galeri g\u00f6rmektesiniz. Lightbox \u00f6zelli\u011fini tema ayarlar\u0131ndan pasif edip kendi Lighbox eklentinizi de kullanabilirsiniz. Ayn\u0131 galerinin yeni sayfada a\u00e7\u0131lan haline buradan ula\u015fabilirsiniz.<\/p>\n","protected":false},"author":1,"featured_media":0,"parent":0,"menu_order":0,"comment_status":"closed","ping_status":"closed","template":"","meta":{"footnotes":""},"class_list":["post-68","page","type-page","status-publish","hentry"],"_links":{"self":[{"href":"http:\/\/www.myswissolar.com\/index.php?rest_route=\/wp\/v2\/pages\/68","targetHints":{"allow":["GET"]}}],"collection":[{"href":"http:\/\/www.myswissolar.com\/index.php?rest_route=\/wp\/v2\/pages"}],"about":[{"href":"http:\/\/www.myswissolar.com\/index.php?rest_route=\/wp\/v2\/types\/page"}],"author":[{"embeddable":true,"href":"http:\/\/www.myswissolar.com\/index.php?rest_route=\/wp\/v2\/users\/1"}],"replies":[{"embeddable":true,"href":"http:\/\/www.myswissolar.com\/index.php?rest_route=%2Fwp%2Fv2%2Fcomments&post=68"}],"version-history":[{"count":3,"href":"http:\/\/www.myswissolar.com\/index.php?rest_route=\/wp\/v2\/pages\/68\/revisions"}],"predecessor-version":[{"id":687,"href":"http:\/\/www.myswissolar.com\/index.php?rest_route=\/wp\/v2\/pages\/68\/revisions\/687"}],"wp:attachment":[{"href":"http:\/\/www.myswissolar.com\/index.php?rest_route=%2Fwp%2Fv2%2Fmedia&parent=68"}],"curies":[{"name":"wp","href":"https:\/\/api.w.org\/{rel}","templated":true}]}}