{"id":23,"date":"2023-02-03T13:20:43","date_gmt":"2021-02-03T10:20:43","guid":{"rendered":"https:\/\/safirdemo.com\/atolye\/cozum-ortaklari\/"},"modified":"2024-04-03T21:55:11","modified_gmt":"2024-04-03T18:55:11","slug":"cozum-ortaklari","status":"publish","type":"page","link":"http:\/\/www.myswissolar.com\/?page_id=23","title":{"rendered":"\u00c7\u00f6z\u00fcm Ortaklar\u0131m\u0131z"},"content":{"rendered":"\n<p><\/p>\n\n\n\n<figure class=\"wp-block-gallery has-nested-images columns-default wp-block-gallery-1 is-layout-flex wp-block-gallery-is-layout-flex\">\n<figure class=\"wp-block-image size-full\"><img loading=\"lazy\" decoding=\"async\" width=\"900\" height=\"900\" data-id=\"680\" src=\"http:\/\/www.myswissolar.com\/wp-content\/uploads\/2024\/04\/eturnity.jpg\" alt=\"\" class=\"wp-image-680\" srcset=\"http:\/\/www.myswissolar.com\/wp-content\/uploads\/2024\/04\/eturnity.jpg 900w, http:\/\/www.myswissolar.com\/wp-content\/uploads\/2024\/04\/eturnity-300x300.jpg 300w, http:\/\/www.myswissolar.com\/wp-content\/uploads\/2024\/04\/eturnity-150x150.jpg 150w, http:\/\/www.myswissolar.com\/wp-content\/uploads\/2024\/04\/eturnity-768x768.jpg 768w\" sizes=\"auto, (max-width: 900px) 100vw, 900px\" \/><\/figure>\n\n\n\n<figure class=\"wp-block-image size-large\"><img loading=\"lazy\" decoding=\"async\" width=\"1024\" height=\"447\" data-id=\"681\" src=\"http:\/\/www.myswissolar.com\/wp-content\/uploads\/2024\/04\/solarasistan.com_-1024x447.png\" alt=\"\" class=\"wp-image-681\" srcset=\"http:\/\/www.myswissolar.com\/wp-content\/uploads\/2024\/04\/solarasistan.com_-1024x447.png 1024w, http:\/\/www.myswissolar.com\/wp-content\/uploads\/2024\/04\/solarasistan.com_-300x131.png 300w, http:\/\/www.myswissolar.com\/wp-content\/uploads\/2024\/04\/solarasistan.com_-768x335.png 768w, http:\/\/www.myswissolar.com\/wp-content\/uploads\/2024\/04\/solarasistan.com_.png 1397w\" sizes=\"auto, (max-width: 1024px) 100vw, 1024px\" \/><\/figure>\n<\/figure>\n\n\n\n<div class=\"safir-list\" data-col=\"4\"><ul class=\"wp-block-list\"><\/ul><\/div>\n","protected":false},"excerpt":{"rendered":"","protected":false},"author":1,"featured_media":0,"parent":0,"menu_order":0,"comment_status":"closed","ping_status":"closed","template":"pages\/page-references.php","meta":{"footnotes":""},"class_list":["post-23","page","type-page","status-publish","hentry"],"_links":{"self":[{"href":"http:\/\/www.myswissolar.com\/index.php?rest_route=\/wp\/v2\/pages\/23","targetHints":{"allow":["GET"]}}],"collection":[{"href":"http:\/\/www.myswissolar.com\/index.php?rest_route=\/wp\/v2\/pages"}],"about":[{"href":"http:\/\/www.myswissolar.com\/index.php?rest_route=\/wp\/v2\/types\/page"}],"author":[{"embeddable":true,"href":"http:\/\/www.myswissolar.com\/index.php?rest_route=\/wp\/v2\/users\/1"}],"replies":[{"embeddable":true,"href":"http:\/\/www.myswissolar.com\/index.php?rest_route=%2Fwp%2Fv2%2Fcomments&post=23"}],"version-history":[{"count":14,"href":"http:\/\/www.myswissolar.com\/index.php?rest_route=\/wp\/v2\/pages\/23\/revisions"}],"predecessor-version":[{"id":686,"href":"http:\/\/www.myswissolar.com\/index.php?rest_route=\/wp\/v2\/pages\/23\/revisions\/686"}],"wp:attachment":[{"href":"http:\/\/www.myswissolar.com\/index.php?rest_route=%2Fwp%2Fv2%2Fmedia&parent=23"}],"curies":[{"name":"wp","href":"https:\/\/api.w.org\/{rel}","templated":true}]}}